{"id":30,"date":"2019-10-07T07:40:25","date_gmt":"2019-10-07T07:40:25","guid":{"rendered":"http:\/\/masterderechopenal.usal.es\/?page_id=30"},"modified":"2019-10-07T07:40:25","modified_gmt":"2019-10-07T07:40:25","slug":"autoinforme-renovacion-acreditacion","status":"publish","type":"page","link":"https:\/\/masterderechopenal.usal.es\/en\/autoinforme-renovacion-acreditacion\/","title":{"rendered":"(Espa\u00f1ol) Autoinforme Renovaci\u00f3n Acreditaci\u00f3n"},"content":{"rendered":"","protected":false},"excerpt":{"rendered":"","protected":false},"author":1,"featured_media":0,"parent":0,"menu_order":0,"comment_status":"closed","ping_status":"closed","template":"","meta":{"footnotes":""},"class_list":["post-30","page","type-page","status-publish","hentry"],"aioseo_notices":[],"_links":{"self":[{"href":"https:\/\/masterderechopenal.usal.es\/en\/wp-json\/wp\/v2\/pages\/30","targetHints":{"allow":["GET"]}}],"collection":[{"href":"https:\/\/masterderechopenal.usal.es\/en\/wp-json\/wp\/v2\/pages"}],"about":[{"href":"https:\/\/masterderechopenal.usal.es\/en\/wp-json\/wp\/v2\/types\/page"}],"author":[{"embeddable":true,"href":"https:\/\/masterderechopenal.usal.es\/en\/wp-json\/wp\/v2\/users\/1"}],"replies":[{"embeddable":true,"href":"https:\/\/masterderechopenal.usal.es\/en\/wp-json\/wp\/v2\/comments?post=30"}],"version-history":[{"count":1,"href":"https:\/\/masterderechopenal.usal.es\/en\/wp-json\/wp\/v2\/pages\/30\/revisions"}],"predecessor-version":[{"id":31,"href":"https:\/\/masterderechopenal.usal.es\/en\/wp-json\/wp\/v2\/pages\/30\/revisions\/31"}],"wp:attachment":[{"href":"https:\/\/masterderechopenal.usal.es\/en\/wp-json\/wp\/v2\/media?parent=30"}],"curies":[{"name":"wp","href":"https:\/\/api.w.org\/{rel}","templated":true}]}}